{"id":2206,"date":"2024-02-29T07:49:42","date_gmt":"2024-02-29T04:49:42","guid":{"rendered":"https:\/\/sandraporthan.com\/contact\/"},"modified":"2025-05-05T12:42:19","modified_gmt":"2025-05-05T09:42:19","slug":"contact","status":"publish","type":"page","link":"https:\/\/sandraporthan.com\/fi\/contact\/","title":{"rendered":"Contact"},"content":{"rendered":"\r\n\t<section class=\"section\" id=\"section_1309237113\">\n\t\t<div class=\"bg section-bg fill bg-fill  bg-loaded\" >\n\n\t\t\t\n\t\t\t\n\t\t\t\n\n\t\t<\/div>\n\n\t\t\n\n\t\t<div class=\"section-content relative\">\n\t\t\t\r\n\r\n<div class=\"row row-collapse row-full-width align-middle\"  id=\"row-1570038335\">\r\n\r\n\n\t<div id=\"col-723292661\" class=\"col medium-6 small-12 large-6\"  >\n\t\t\t\t<div class=\"col-inner\"  >\n\t\t\t\n\t\t\t\r\n\r\n\t<div class=\"img has-hover x md-x lg-x y md-y lg-y\" id=\"image_1390093377\">\n\t\t\t\t\t\t\t\t<div class=\"img-inner dark\" >\n\t\t\t<img loading=\"lazy\" decoding=\"async\" width=\"1920\" height=\"1952\" src=\"https:\/\/sandraporthan.com\/wp-content\/uploads\/2024\/05\/contact-img.jpg\" class=\"attachment-original size-original\" alt=\"\" srcset=\"https:\/\/sandraporthan.com\/wp-content\/uploads\/2024\/05\/contact-img.jpg 1920w, https:\/\/sandraporthan.com\/wp-content\/uploads\/2024\/05\/contact-img-295x300.jpg 295w, https:\/\/sandraporthan.com\/wp-content\/uploads\/2024\/05\/contact-img-1007x1024.jpg 1007w, https:\/\/sandraporthan.com\/wp-content\/uploads\/2024\/05\/contact-img-768x781.jpg 768w, https:\/\/sandraporthan.com\/wp-content\/uploads\/2024\/05\/contact-img-1511x1536.jpg 1511w, https:\/\/sandraporthan.com\/wp-content\/uploads\/2024\/05\/contact-img-600x610.jpg 600w\" sizes=\"auto, (max-width: 1920px) 100vw, 1920px\" \/>\t\t\t\t\t\t\n\t\t\t\t\t<\/div>\n\t\t\t\t\t\t\t\t\n<style>\n#image_1390093377 {\n  width: 100%;\n}\n<\/style>\n\t<\/div>\n\t\r\n\r\n\r\n\t\t<\/div>\n\t\t\t\t\t<\/div>\n\n\t\r\n\n\t<div id=\"col-649820401\" class=\"col medium-1 small-12 large-1\"  >\n\t\t\t\t<div class=\"col-inner\" style=\"background-color:rgb(255, 255, 255);\" >\n\t\t\t\n\t\t\t\r\n\r\n\r\n\t\t<\/div>\n\t\t\t\t\t<\/div>\n\n\t\r\n\n\t<div id=\"col-2363557\" class=\"col medium-4 small-12 large-4\"  >\n\t\t\t\t<div class=\"col-inner\"  >\n\t\t\t\n\t\t\t\r\n\r\n\t<div id=\"text-847806265\" class=\"text\">\n\t\t\r\n\r\n<h5>CONTACT ME<\/h5>\r\n\r\n\t\t\n<style>\n#text-847806265 {\n  color: rgb(86, 86, 86);\n}\n#text-847806265 > * {\n  color: rgb(86, 86, 86);\n}\n<\/style>\n\t<\/div>\n\t\r\n<div class=\"is-divider divider clearfix\" style=\"margin-top:0px;margin-bottom:0px;max-width:30%;height:1px;background-color:rgb(86, 86, 86);\"><\/div>\r\n\r\n\t<div id=\"gap-646516143\" class=\"gap-element clearfix\" style=\"display:block; height:auto;\">\n\t\t\n<style>\n#gap-646516143 {\n  padding-top: 30px;\n}\n<\/style>\n\t<\/div>\n\t\r\n\r\n<h2>Get in Touch<\/h2>\r\n<h4>Lorem ipsum dolor sit amet, consectetur adipisicing elit, sed do eiusmod tempor incididunt ut<\/h4>\r\n\t<div id=\"gap-2061979955\" class=\"gap-element clearfix\" style=\"display:block; height:auto;\">\n\t\t\n<style>\n#gap-2061979955 {\n  padding-top: 30px;\n}\n<\/style>\n\t<\/div>\n\t\r\n\r\n\t<div id=\"text-3145899066\" class=\"text\">\n\t\t\r\n\r\n<h4><a href=\"mailto:email@email.com\" style=\"color:#ac9076\">email@email.com<\/a><\/h4>\r\n\r\n\t\t\n<style>\n#text-3145899066 {\n  color: rgb(172, 144, 118);\n}\n#text-3145899066 > * {\n  color: rgb(172, 144, 118);\n}\n<\/style>\n\t<\/div>\n\t\r\n\r\n\t\t<\/div>\n\t\t\t\t\t<\/div>\n\n\t\r\n\n\t<div id=\"col-1993694483\" class=\"col medium-1 small-12 large-1\"  >\n\t\t\t\t<div class=\"col-inner\" style=\"background-color:rgb(255, 255, 255);\" >\n\t\t\t\n\t\t\t\r\n\r\n\r\n\t\t<\/div>\n\t\t\t\t\t<\/div>\n\n\t\r\n\r\n<\/div>\r\n\r\n\t\t<\/div>\n\n\t\t\n<style>\n#section_1309237113 {\n  padding-top: 0px;\n  padding-bottom: 0px;\n}\n<\/style>\n\t<\/section>\n\t\r\n\t<section class=\"section\" id=\"section_1534206765\">\n\t\t<div class=\"bg section-bg fill bg-fill  bg-loaded\" >\n\n\t\t\t\n\t\t\t\n\t\t\t\n\n\t\t<\/div>\n\n\t\t\n\n\t\t<div class=\"section-content relative\">\n\t\t\t\r\n\r\n\t<div id=\"gap-724769188\" class=\"gap-element clearfix\" style=\"display:block; height:auto;\">\n\t\t\n<style>\n#gap-724769188 {\n  padding-top: 90px;\n}\n<\/style>\n\t<\/div>\n\t\r\n\r\n<div class=\"row align-center\"  id=\"row-1839741206\">\r\n\r\n\n\t<div id=\"col-607593861\" class=\"col medium-6 small-12 large-6\"  >\n\t\t\t\t<div class=\"col-inner text-right\"  >\n\t\t\t\n\t\t\t\r\n\r\n\n<div class=\"wpcf7 no-js\" id=\"wpcf7-f7-o1\" lang=\"en-US\" dir=\"ltr\" data-wpcf7-id=\"7\">\n<div class=\"screen-reader-response\"><p role=\"status\" aria-live=\"polite\" aria-atomic=\"true\"><\/p> <ul><\/ul><\/div>\n<form action=\"\/fi\/wp-json\/wp\/v2\/pages\/2206#wpcf7-f7-o1\" method=\"post\" class=\"wpcf7-form init\" aria-label=\"Contact form\" novalidate=\"novalidate\" data-status=\"init\">\n<fieldset class=\"hidden-fields-container\"><input type=\"hidden\" name=\"_wpcf7\" value=\"7\" \/><input type=\"hidden\" name=\"_wpcf7_version\" value=\"6.1.5\" \/><input type=\"hidden\" name=\"_wpcf7_locale\" value=\"en_US\" \/><input type=\"hidden\" name=\"_wpcf7_unit_tag\" value=\"wpcf7-f7-o1\" \/><input type=\"hidden\" name=\"_wpcf7_container_post\" value=\"0\" \/><input type=\"hidden\" name=\"_wpcf7_posted_data_hash\" value=\"\" \/>\n<\/fieldset>\n<p><span class=\"wpcf7-form-control-wrap\" data-name=\"your-name\"><input size=\"40\" maxlength=\"400\" class=\"wpcf7-form-control wpcf7-text wpcf7-validates-as-required\" aria-required=\"true\" aria-invalid=\"false\" placeholder=\"Name\" value=\"\" type=\"text\" name=\"your-name\" \/><\/span>\n<\/p>\n<p><span class=\"wpcf7-form-control-wrap\" data-name=\"your-email\"><input size=\"40\" maxlength=\"400\" class=\"wpcf7-form-control wpcf7-email wpcf7-validates-as-required wpcf7-text wpcf7-validates-as-email\" aria-required=\"true\" aria-invalid=\"false\" placeholder=\"Email\" value=\"\" type=\"email\" name=\"your-email\" \/><\/span>\n<\/p>\n<p><span class=\"wpcf7-form-control-wrap\" data-name=\"tel-31\"><input size=\"40\" maxlength=\"400\" class=\"wpcf7-form-control wpcf7-tel wpcf7-text wpcf7-validates-as-tel\" aria-invalid=\"false\" placeholder=\"Phone number\" value=\"\" type=\"tel\" name=\"tel-31\" \/><\/span>\n<\/p>\n<p><span class=\"wpcf7-form-control-wrap\" data-name=\"your-message\"><textarea cols=\"40\" rows=\"10\" maxlength=\"2000\" class=\"wpcf7-form-control wpcf7-textarea wpcf7-validates-as-required\" aria-required=\"true\" aria-invalid=\"false\" placeholder=\"Message\" name=\"your-message\"><\/textarea><\/span><br \/>\n<input class=\"wpcf7-form-control wpcf7-submit has-spinner\" type=\"submit\" value=\"SEND MESSAGE\" \/>\n<\/p><input type='hidden' class='wpcf7-pum' value='{\"closepopup\":false,\"closedelay\":0,\"openpopup\":false,\"openpopup_id\":0}' \/><div class=\"wpcf7-response-output\" aria-hidden=\"true\"><\/div>\n<\/form>\n<\/div>\n\r\n\r\n\r\n\t\t<\/div>\n\t\t\t\t\t<\/div>\n\n\t\r\n\r\n<\/div>\r\n\t<div id=\"gap-195858310\" class=\"gap-element clearfix\" style=\"display:block; height:auto;\">\n\t\t\n<style>\n#gap-195858310 {\n  padding-top: 40px;\n}\n<\/style>\n\t<\/div>\n\t\r\n\r\n\r\n\t\t<\/div>\n\n\t\t\n<style>\n#section_1534206765 {\n  padding-top: 0px;\n  padding-bottom: 0px;\n  background-color: rgb(251, 249, 246);\n}\n<\/style>\n\t<\/section>\n\t\r\n\r\n","protected":false},"excerpt":{"rendered":"","protected":false},"author":1,"featured_media":0,"parent":0,"menu_order":0,"comment_status":"closed","ping_status":"closed","template":"page-blank.php","meta":{"_monsterinsights_skip_tracking":false,"_monsterinsights_sitenote_active":false,"_monsterinsights_sitenote_note":"","_monsterinsights_sitenote_category":0,"footnotes":""},"class_list":["post-2206","page","type-page","status-publish","hentry"],"yoast_head":"<!-- This site is optimized with the Yoast SEO plugin v27.5 - https:\/\/yoast.com\/product\/yoast-seo-wordpress\/ -->\n<title>Contact - Sandra Porthan MD<\/title>\n<meta name=\"description\" content=\"Ota yhteytt\u00e4 tohtori Sandra Porthaniin henkil\u00f6kohtaisten suoliston terveyskonsultaatioiden saamiseksi. Pyyd\u00e4 asiantuntijaneuvoja kokonaisvaltaisesta hyvinvoinnista ja ravinnosta.\" \/>\n<meta name=\"robots\" content=\"index, follow, max-snippet:-1, max-image-preview:large, max-video-preview:-1\" \/>\n<link rel=\"canonical\" href=\"https:\/\/sandraporthan.com\/fi\/contact\/\" \/>\n<meta property=\"og:locale\" content=\"fi_FI\" \/>\n<meta property=\"og:type\" content=\"article\" \/>\n<meta property=\"og:title\" content=\"Contact - Sandra Porthan MD\" \/>\n<meta property=\"og:description\" content=\"Ota yhteytt\u00e4 tohtori Sandra Porthaniin henkil\u00f6kohtaisten suoliston terveyskonsultaatioiden saamiseksi. Pyyd\u00e4 asiantuntijaneuvoja kokonaisvaltaisesta hyvinvoinnista ja ravinnosta.\" \/>\n<meta property=\"og:url\" content=\"https:\/\/sandraporthan.com\/fi\/contact\/\" \/>\n<meta property=\"og:site_name\" content=\"Sandra Porthan MD\" \/>\n<meta property=\"article:publisher\" content=\"https:\/\/www.facebook.com\/sandraporthan.fi\" \/>\n<meta property=\"article:modified_time\" content=\"2025-05-05T09:42:19+00:00\" \/>\n<meta name=\"twitter:card\" content=\"summary_large_image\" \/>\n<meta name=\"twitter:label1\" content=\"Arvioitu lukuaika\" \/>\n\t<meta name=\"twitter:data1\" content=\"1 minuutti\" \/>\n<script type=\"application\/ld+json\" class=\"yoast-schema-graph\">{\"@context\":\"https:\\\/\\\/schema.org\",\"@graph\":[{\"@type\":\"WebPage\",\"@id\":\"https:\\\/\\\/sandraporthan.com\\\/fi\\\/contact\\\/\",\"url\":\"https:\\\/\\\/sandraporthan.com\\\/fi\\\/contact\\\/\",\"name\":\"Contact - Sandra Porthan MD\",\"isPartOf\":{\"@id\":\"https:\\\/\\\/sandraporthan.com\\\/#website\"},\"datePublished\":\"2024-02-29T04:49:42+00:00\",\"dateModified\":\"2025-05-05T09:42:19+00:00\",\"description\":\"Ota yhteytt\u00e4 tohtori Sandra Porthaniin henkil\u00f6kohtaisten suoliston terveyskonsultaatioiden saamiseksi. Pyyd\u00e4 asiantuntijaneuvoja kokonaisvaltaisesta hyvinvoinnista ja ravinnosta.\",\"breadcrumb\":{\"@id\":\"https:\\\/\\\/sandraporthan.com\\\/fi\\\/contact\\\/#breadcrumb\"},\"inLanguage\":\"fi\",\"potentialAction\":[{\"@type\":\"ReadAction\",\"target\":[\"https:\\\/\\\/sandraporthan.com\\\/fi\\\/contact\\\/\"]}]},{\"@type\":\"BreadcrumbList\",\"@id\":\"https:\\\/\\\/sandraporthan.com\\\/fi\\\/contact\\\/#breadcrumb\",\"itemListElement\":[{\"@type\":\"ListItem\",\"position\":1,\"name\":\"Home\",\"item\":\"https:\\\/\\\/sandraporthan.com\\\/fi\\\/sandra-porthan\\\/\"},{\"@type\":\"ListItem\",\"position\":2,\"name\":\"Contact\"}]},{\"@type\":\"WebSite\",\"@id\":\"https:\\\/\\\/sandraporthan.com\\\/#website\",\"url\":\"https:\\\/\\\/sandraporthan.com\\\/\",\"name\":\"Dr. Sandra Porthan\",\"description\":\"Your Health Journey Starts Here\",\"publisher\":{\"@id\":\"https:\\\/\\\/sandraporthan.com\\\/#organization\"},\"potentialAction\":[{\"@type\":\"SearchAction\",\"target\":{\"@type\":\"EntryPoint\",\"urlTemplate\":\"https:\\\/\\\/sandraporthan.com\\\/?s={search_term_string}\"},\"query-input\":{\"@type\":\"PropertyValueSpecification\",\"valueRequired\":true,\"valueName\":\"search_term_string\"}}],\"inLanguage\":\"fi\"},{\"@type\":\"Organization\",\"@id\":\"https:\\\/\\\/sandraporthan.com\\\/#organization\",\"name\":\"Dr. Sandra Porthan\",\"url\":\"https:\\\/\\\/sandraporthan.com\\\/\",\"logo\":{\"@type\":\"ImageObject\",\"inLanguage\":\"fi\",\"@id\":\"https:\\\/\\\/sandraporthan.com\\\/#\\\/schema\\\/logo\\\/image\\\/\",\"url\":\"https:\\\/\\\/sandraporthan.com\\\/wp-content\\\/uploads\\\/2024\\\/05\\\/Logo-new.png\",\"contentUrl\":\"https:\\\/\\\/sandraporthan.com\\\/wp-content\\\/uploads\\\/2024\\\/05\\\/Logo-new.png\",\"width\":2521,\"height\":253,\"caption\":\"Dr. Sandra Porthan\"},\"image\":{\"@id\":\"https:\\\/\\\/sandraporthan.com\\\/#\\\/schema\\\/logo\\\/image\\\/\"},\"sameAs\":[\"https:\\\/\\\/www.facebook.com\\\/sandraporthan.fi\",\"https:\\\/\\\/www.instagram.com\\\/drsandraporthan\\\/\"]}]}<\/script>\n<!-- \/ Yoast SEO plugin. -->","yoast_head_json":{"title":"Contact - Sandra Porthan MD","description":"Ota yhteytt\u00e4 tohtori Sandra Porthaniin henkil\u00f6kohtaisten suoliston terveyskonsultaatioiden saamiseksi. Pyyd\u00e4 asiantuntijaneuvoja kokonaisvaltaisesta hyvinvoinnista ja ravinnosta.","robots":{"index":"index","follow":"follow","max-snippet":"max-snippet:-1","max-image-preview":"max-image-preview:large","max-video-preview":"max-video-preview:-1"},"canonical":"https:\/\/sandraporthan.com\/fi\/contact\/","og_locale":"fi_FI","og_type":"article","og_title":"Contact - Sandra Porthan MD","og_description":"Ota yhteytt\u00e4 tohtori Sandra Porthaniin henkil\u00f6kohtaisten suoliston terveyskonsultaatioiden saamiseksi. Pyyd\u00e4 asiantuntijaneuvoja kokonaisvaltaisesta hyvinvoinnista ja ravinnosta.","og_url":"https:\/\/sandraporthan.com\/fi\/contact\/","og_site_name":"Sandra Porthan MD","article_publisher":"https:\/\/www.facebook.com\/sandraporthan.fi","article_modified_time":"2025-05-05T09:42:19+00:00","twitter_card":"summary_large_image","twitter_misc":{"Arvioitu lukuaika":"1 minuutti"},"schema":{"@context":"https:\/\/schema.org","@graph":[{"@type":"WebPage","@id":"https:\/\/sandraporthan.com\/fi\/contact\/","url":"https:\/\/sandraporthan.com\/fi\/contact\/","name":"Contact - Sandra Porthan MD","isPartOf":{"@id":"https:\/\/sandraporthan.com\/#website"},"datePublished":"2024-02-29T04:49:42+00:00","dateModified":"2025-05-05T09:42:19+00:00","description":"Ota yhteytt\u00e4 tohtori Sandra Porthaniin henkil\u00f6kohtaisten suoliston terveyskonsultaatioiden saamiseksi. Pyyd\u00e4 asiantuntijaneuvoja kokonaisvaltaisesta hyvinvoinnista ja ravinnosta.","breadcrumb":{"@id":"https:\/\/sandraporthan.com\/fi\/contact\/#breadcrumb"},"inLanguage":"fi","potentialAction":[{"@type":"ReadAction","target":["https:\/\/sandraporthan.com\/fi\/contact\/"]}]},{"@type":"BreadcrumbList","@id":"https:\/\/sandraporthan.com\/fi\/contact\/#breadcrumb","itemListElement":[{"@type":"ListItem","position":1,"name":"Home","item":"https:\/\/sandraporthan.com\/fi\/sandra-porthan\/"},{"@type":"ListItem","position":2,"name":"Contact"}]},{"@type":"WebSite","@id":"https:\/\/sandraporthan.com\/#website","url":"https:\/\/sandraporthan.com\/","name":"Dr. Sandra Porthan","description":"Your Health Journey Starts Here","publisher":{"@id":"https:\/\/sandraporthan.com\/#organization"},"potentialAction":[{"@type":"SearchAction","target":{"@type":"EntryPoint","urlTemplate":"https:\/\/sandraporthan.com\/?s={search_term_string}"},"query-input":{"@type":"PropertyValueSpecification","valueRequired":true,"valueName":"search_term_string"}}],"inLanguage":"fi"},{"@type":"Organization","@id":"https:\/\/sandraporthan.com\/#organization","name":"Dr. Sandra Porthan","url":"https:\/\/sandraporthan.com\/","logo":{"@type":"ImageObject","inLanguage":"fi","@id":"https:\/\/sandraporthan.com\/#\/schema\/logo\/image\/","url":"https:\/\/sandraporthan.com\/wp-content\/uploads\/2024\/05\/Logo-new.png","contentUrl":"https:\/\/sandraporthan.com\/wp-content\/uploads\/2024\/05\/Logo-new.png","width":2521,"height":253,"caption":"Dr. Sandra Porthan"},"image":{"@id":"https:\/\/sandraporthan.com\/#\/schema\/logo\/image\/"},"sameAs":["https:\/\/www.facebook.com\/sandraporthan.fi","https:\/\/www.instagram.com\/drsandraporthan\/"]}]}},"_links":{"self":[{"href":"https:\/\/sandraporthan.com\/fi\/wp-json\/wp\/v2\/pages\/2206","targetHints":{"allow":["GET"]}}],"collection":[{"href":"https:\/\/sandraporthan.com\/fi\/wp-json\/wp\/v2\/pages"}],"about":[{"href":"https:\/\/sandraporthan.com\/fi\/wp-json\/wp\/v2\/types\/page"}],"author":[{"embeddable":true,"href":"https:\/\/sandraporthan.com\/fi\/wp-json\/wp\/v2\/users\/1"}],"replies":[{"embeddable":true,"href":"https:\/\/sandraporthan.com\/fi\/wp-json\/wp\/v2\/comments?post=2206"}],"version-history":[{"count":2,"href":"https:\/\/sandraporthan.com\/fi\/wp-json\/wp\/v2\/pages\/2206\/revisions"}],"predecessor-version":[{"id":2973,"href":"https:\/\/sandraporthan.com\/fi\/wp-json\/wp\/v2\/pages\/2206\/revisions\/2973"}],"wp:attachment":[{"href":"https:\/\/sandraporthan.com\/fi\/wp-json\/wp\/v2\/media?parent=2206"}],"curies":[{"name":"wp","href":"https:\/\/api.w.org\/{rel}","templated":true}]}}