{"id":2209,"date":"2024-05-20T12:35:48","date_gmt":"2024-05-20T09:35:48","guid":{"rendered":"https:\/\/sandraporthan.com\/terms-and-conditions\/"},"modified":"2025-05-05T12:47:32","modified_gmt":"2025-05-05T09:47:32","slug":"terms-and-conditions","status":"publish","type":"page","link":"https:\/\/sandraporthan.com\/fi\/terms-and-conditions\/","title":{"rendered":"Terms and Conditions"},"content":{"rendered":"\r\n\t<section class=\"section\" id=\"section_1790802880\">\n\t\t<div class=\"bg section-bg fill bg-fill  bg-loaded\" >\n\n\t\t\t\n\t\t\t\n\t\t\t\n\n\t\t<\/div>\n\n\t\t\n\n\t\t<div class=\"section-content relative\">\n\t\t\t\r\n\r\n\t<div id=\"gap-97670284\" class=\"gap-element clearfix\" style=\"display:block; height:auto;\">\n\t\t\n<style>\n#gap-97670284 {\n  padding-top: 70px;\n}\n<\/style>\n\t<\/div>\n\t\r\n\r\n<div class=\"row align-middle\"  id=\"row-1560244910\">\r\n\r\n\n\t<div id=\"col-1331371378\" class=\"col small-12 large-12\"  >\n\t\t\t\t<div class=\"col-inner text-left\"  >\n\t\t\t\n\t\t\t\r\n\r\n<h5>PROTECTING YOU<\/h5>\r\n<div class=\"is-divider divider clearfix\" style=\"margin-top:0px;margin-bottom:0px;max-width:200px;height:1px;background-color:rgb(92, 88, 80);\"><\/div>\r\n\r\n\t<div id=\"gap-747986499\" class=\"gap-element clearfix\" style=\"display:block; height:auto;\">\n\t\t\n<style>\n#gap-747986499 {\n  padding-top: 15px;\n}\n<\/style>\n\t<\/div>\n\t\r\n\r\n<h2>Terms and Conditions<\/h2>\r\n\r\n\t\t<\/div>\n\t\t\t\t\t<\/div>\n\n\t\r\n\n\t<div id=\"col-1322934633\" class=\"col small-12 large-12\"  >\n\t\t\t\t<div class=\"col-inner\"  >\n\t\t\t\n\t\t\t\r\n\r\n<p>By reading this, you acknowledge that you are responsible for your own health decisions.<\/p>\r\n<p>Any statements or claims about the possible health benefits conferred by any lifestyle changes, foods, or supplements are not intended to diagnose, treat, cure, or prevent any disease.<\/p>\r\n<p>The content provided on this website is educational and informational in nature. It is provided only as general information and does not constitute medical or psychological practice, advice, opinion, diagnosis, treatment, or guarantee. If you want more information on this, you can contact <a href=\"mailto:info@sandraporthan.com\">info@sandraporthan.com<\/a>.<\/p>\r\n<p>The content in this site is not comprehensive and does not include all the potential information regarding the subject matter, but is merely intended to serve as one resource for general and educational purposes.<\/p>\r\n<p>You are responsible for your own healthcare decision-making and should obtain necessary consultations with appropriately licensed healthcare professionals.<\/p>\r\n<p>If you have or suspect a medical or psychological problem, consult your medical doctor or psychologist or appropriate healthcare provider. If you think you have a medical emergency, contact the emergency number immediately. Never disregard or delay medical advice received from your licensed healthcare provider based on information in this website\/platform. Always consult your physician, psychologist, or licensed healthcare provider before seeking any new treatment, or before you alter, suspend, or initiate any change in your medical or psychological treatment, medication or herbal supplement, routine or protocol.<\/p>\r\n<p>If you have any disease, are pregnant or optimising your health, always consult your medical doctor for advice, treatment and services.<\/p>\r\n<p>Entering this website, you are entering a natural health &amp; healing model and take full responsibility for yourself, your health and release, indemnify and hold harmless Sandra Porthan Oy and their employees.<\/p>\r\n\r\n\t\t<\/div>\n\t\t\t\t\t<\/div>\n\n\t\r\n\r\n<\/div>\r\n\t<div id=\"gap-522015786\" class=\"gap-element clearfix\" style=\"display:block; height:auto;\">\n\t\t\n<style>\n#gap-522015786 {\n  padding-top: 40px;\n}\n<\/style>\n\t<\/div>\n\t\r\n\r\n\r\n\t\t<\/div>\n\n\t\t\n<style>\n#section_1790802880 {\n  padding-top: 0px;\n  padding-bottom: 0px;\n}\n<\/style>\n\t<\/section>\n\t\r\n\r\n","protected":false},"excerpt":{"rendered":"","protected":false},"author":1,"featured_media":0,"parent":0,"menu_order":0,"comment_status":"closed","ping_status":"closed","template":"page-blank.php","meta":{"_monsterinsights_skip_tracking":false,"_monsterinsights_sitenote_active":false,"_monsterinsights_sitenote_note":"","_monsterinsights_sitenote_category":0,"footnotes":""},"class_list":["post-2209","page","type-page","status-publish","hentry"],"yoast_head":"<!-- This site is optimized with the Yoast SEO plugin v27.4 - https:\/\/yoast.com\/product\/yoast-seo-wordpress\/ -->\n<title>Terms and Conditions - Sandra Porthan MD<\/title>\n<meta name=\"description\" content=\"Lue Dr. Sandra Porthanin palveluiden ehdot. Tutustu k\u00e4yt\u00e4nt\u00f6ihin, tietosuojaan ja verkkosivuston ja palvelujen k\u00e4ytt\u00f6\u00e4 koskeviin ohjeisiin.\" \/>\n<meta name=\"robots\" content=\"index, follow, max-snippet:-1, max-image-preview:large, max-video-preview:-1\" \/>\n<link rel=\"canonical\" href=\"https:\/\/sandraporthan.com\/fi\/terms-and-conditions\/\" \/>\n<meta property=\"og:locale\" content=\"fi_FI\" \/>\n<meta property=\"og:type\" content=\"article\" \/>\n<meta property=\"og:title\" content=\"Terms and Conditions - Sandra Porthan MD\" \/>\n<meta property=\"og:description\" content=\"Lue Dr. Sandra Porthanin palveluiden ehdot. Tutustu k\u00e4yt\u00e4nt\u00f6ihin, tietosuojaan ja verkkosivuston ja palvelujen k\u00e4ytt\u00f6\u00e4 koskeviin ohjeisiin.\" \/>\n<meta property=\"og:url\" content=\"https:\/\/sandraporthan.com\/fi\/terms-and-conditions\/\" \/>\n<meta property=\"og:site_name\" content=\"Sandra Porthan MD\" \/>\n<meta property=\"article:publisher\" content=\"https:\/\/www.facebook.com\/sandraporthan.fi\" \/>\n<meta property=\"article:modified_time\" content=\"2025-05-05T09:47:32+00:00\" \/>\n<meta name=\"twitter:card\" content=\"summary_large_image\" \/>\n<meta name=\"twitter:label1\" content=\"Arvioitu lukuaika\" \/>\n\t<meta name=\"twitter:data1\" content=\"2 minuuttia\" \/>\n<script type=\"application\/ld+json\" class=\"yoast-schema-graph\">{\"@context\":\"https:\\\/\\\/schema.org\",\"@graph\":[{\"@type\":\"WebPage\",\"@id\":\"https:\\\/\\\/sandraporthan.com\\\/fi\\\/terms-and-conditions\\\/\",\"url\":\"https:\\\/\\\/sandraporthan.com\\\/fi\\\/terms-and-conditions\\\/\",\"name\":\"Terms and Conditions - Sandra Porthan MD\",\"isPartOf\":{\"@id\":\"https:\\\/\\\/sandraporthan.com\\\/#website\"},\"datePublished\":\"2024-05-20T09:35:48+00:00\",\"dateModified\":\"2025-05-05T09:47:32+00:00\",\"description\":\"Lue Dr. Sandra Porthanin palveluiden ehdot. Tutustu k\u00e4yt\u00e4nt\u00f6ihin, tietosuojaan ja verkkosivuston ja palvelujen k\u00e4ytt\u00f6\u00e4 koskeviin ohjeisiin.\",\"breadcrumb\":{\"@id\":\"https:\\\/\\\/sandraporthan.com\\\/fi\\\/terms-and-conditions\\\/#breadcrumb\"},\"inLanguage\":\"fi\",\"potentialAction\":[{\"@type\":\"ReadAction\",\"target\":[\"https:\\\/\\\/sandraporthan.com\\\/fi\\\/terms-and-conditions\\\/\"]}]},{\"@type\":\"BreadcrumbList\",\"@id\":\"https:\\\/\\\/sandraporthan.com\\\/fi\\\/terms-and-conditions\\\/#breadcrumb\",\"itemListElement\":[{\"@type\":\"ListItem\",\"position\":1,\"name\":\"Home\",\"item\":\"https:\\\/\\\/sandraporthan.com\\\/fi\\\/sandra-porthan\\\/\"},{\"@type\":\"ListItem\",\"position\":2,\"name\":\"Terms and Conditions\"}]},{\"@type\":\"WebSite\",\"@id\":\"https:\\\/\\\/sandraporthan.com\\\/#website\",\"url\":\"https:\\\/\\\/sandraporthan.com\\\/\",\"name\":\"Dr. Sandra Porthan\",\"description\":\"Your Health Journey Starts Here\",\"publisher\":{\"@id\":\"https:\\\/\\\/sandraporthan.com\\\/#organization\"},\"potentialAction\":[{\"@type\":\"SearchAction\",\"target\":{\"@type\":\"EntryPoint\",\"urlTemplate\":\"https:\\\/\\\/sandraporthan.com\\\/?s={search_term_string}\"},\"query-input\":{\"@type\":\"PropertyValueSpecification\",\"valueRequired\":true,\"valueName\":\"search_term_string\"}}],\"inLanguage\":\"fi\"},{\"@type\":\"Organization\",\"@id\":\"https:\\\/\\\/sandraporthan.com\\\/#organization\",\"name\":\"Dr. Sandra Porthan\",\"url\":\"https:\\\/\\\/sandraporthan.com\\\/\",\"logo\":{\"@type\":\"ImageObject\",\"inLanguage\":\"fi\",\"@id\":\"https:\\\/\\\/sandraporthan.com\\\/#\\\/schema\\\/logo\\\/image\\\/\",\"url\":\"https:\\\/\\\/sandraporthan.com\\\/wp-content\\\/uploads\\\/2024\\\/05\\\/Logo-new.png\",\"contentUrl\":\"https:\\\/\\\/sandraporthan.com\\\/wp-content\\\/uploads\\\/2024\\\/05\\\/Logo-new.png\",\"width\":2521,\"height\":253,\"caption\":\"Dr. Sandra Porthan\"},\"image\":{\"@id\":\"https:\\\/\\\/sandraporthan.com\\\/#\\\/schema\\\/logo\\\/image\\\/\"},\"sameAs\":[\"https:\\\/\\\/www.facebook.com\\\/sandraporthan.fi\",\"https:\\\/\\\/www.instagram.com\\\/drsandraporthan\\\/\"]}]}<\/script>\n<!-- \/ Yoast SEO plugin. -->","yoast_head_json":{"title":"Terms and Conditions - Sandra Porthan MD","description":"Lue Dr. Sandra Porthanin palveluiden ehdot. Tutustu k\u00e4yt\u00e4nt\u00f6ihin, tietosuojaan ja verkkosivuston ja palvelujen k\u00e4ytt\u00f6\u00e4 koskeviin ohjeisiin.","robots":{"index":"index","follow":"follow","max-snippet":"max-snippet:-1","max-image-preview":"max-image-preview:large","max-video-preview":"max-video-preview:-1"},"canonical":"https:\/\/sandraporthan.com\/fi\/terms-and-conditions\/","og_locale":"fi_FI","og_type":"article","og_title":"Terms and Conditions - Sandra Porthan MD","og_description":"Lue Dr. Sandra Porthanin palveluiden ehdot. Tutustu k\u00e4yt\u00e4nt\u00f6ihin, tietosuojaan ja verkkosivuston ja palvelujen k\u00e4ytt\u00f6\u00e4 koskeviin ohjeisiin.","og_url":"https:\/\/sandraporthan.com\/fi\/terms-and-conditions\/","og_site_name":"Sandra Porthan MD","article_publisher":"https:\/\/www.facebook.com\/sandraporthan.fi","article_modified_time":"2025-05-05T09:47:32+00:00","twitter_card":"summary_large_image","twitter_misc":{"Arvioitu lukuaika":"2 minuuttia"},"schema":{"@context":"https:\/\/schema.org","@graph":[{"@type":"WebPage","@id":"https:\/\/sandraporthan.com\/fi\/terms-and-conditions\/","url":"https:\/\/sandraporthan.com\/fi\/terms-and-conditions\/","name":"Terms and Conditions - Sandra Porthan MD","isPartOf":{"@id":"https:\/\/sandraporthan.com\/#website"},"datePublished":"2024-05-20T09:35:48+00:00","dateModified":"2025-05-05T09:47:32+00:00","description":"Lue Dr. Sandra Porthanin palveluiden ehdot. Tutustu k\u00e4yt\u00e4nt\u00f6ihin, tietosuojaan ja verkkosivuston ja palvelujen k\u00e4ytt\u00f6\u00e4 koskeviin ohjeisiin.","breadcrumb":{"@id":"https:\/\/sandraporthan.com\/fi\/terms-and-conditions\/#breadcrumb"},"inLanguage":"fi","potentialAction":[{"@type":"ReadAction","target":["https:\/\/sandraporthan.com\/fi\/terms-and-conditions\/"]}]},{"@type":"BreadcrumbList","@id":"https:\/\/sandraporthan.com\/fi\/terms-and-conditions\/#breadcrumb","itemListElement":[{"@type":"ListItem","position":1,"name":"Home","item":"https:\/\/sandraporthan.com\/fi\/sandra-porthan\/"},{"@type":"ListItem","position":2,"name":"Terms and Conditions"}]},{"@type":"WebSite","@id":"https:\/\/sandraporthan.com\/#website","url":"https:\/\/sandraporthan.com\/","name":"Dr. Sandra Porthan","description":"Your Health Journey Starts Here","publisher":{"@id":"https:\/\/sandraporthan.com\/#organization"},"potentialAction":[{"@type":"SearchAction","target":{"@type":"EntryPoint","urlTemplate":"https:\/\/sandraporthan.com\/?s={search_term_string}"},"query-input":{"@type":"PropertyValueSpecification","valueRequired":true,"valueName":"search_term_string"}}],"inLanguage":"fi"},{"@type":"Organization","@id":"https:\/\/sandraporthan.com\/#organization","name":"Dr. Sandra Porthan","url":"https:\/\/sandraporthan.com\/","logo":{"@type":"ImageObject","inLanguage":"fi","@id":"https:\/\/sandraporthan.com\/#\/schema\/logo\/image\/","url":"https:\/\/sandraporthan.com\/wp-content\/uploads\/2024\/05\/Logo-new.png","contentUrl":"https:\/\/sandraporthan.com\/wp-content\/uploads\/2024\/05\/Logo-new.png","width":2521,"height":253,"caption":"Dr. Sandra Porthan"},"image":{"@id":"https:\/\/sandraporthan.com\/#\/schema\/logo\/image\/"},"sameAs":["https:\/\/www.facebook.com\/sandraporthan.fi","https:\/\/www.instagram.com\/drsandraporthan\/"]}]}},"_links":{"self":[{"href":"https:\/\/sandraporthan.com\/fi\/wp-json\/wp\/v2\/pages\/2209","targetHints":{"allow":["GET"]}}],"collection":[{"href":"https:\/\/sandraporthan.com\/fi\/wp-json\/wp\/v2\/pages"}],"about":[{"href":"https:\/\/sandraporthan.com\/fi\/wp-json\/wp\/v2\/types\/page"}],"author":[{"embeddable":true,"href":"https:\/\/sandraporthan.com\/fi\/wp-json\/wp\/v2\/users\/1"}],"replies":[{"embeddable":true,"href":"https:\/\/sandraporthan.com\/fi\/wp-json\/wp\/v2\/comments?post=2209"}],"version-history":[{"count":1,"href":"https:\/\/sandraporthan.com\/fi\/wp-json\/wp\/v2\/pages\/2209\/revisions"}],"predecessor-version":[{"id":2981,"href":"https:\/\/sandraporthan.com\/fi\/wp-json\/wp\/v2\/pages\/2209\/revisions\/2981"}],"wp:attachment":[{"href":"https:\/\/sandraporthan.com\/fi\/wp-json\/wp\/v2\/media?parent=2209"}],"curies":[{"name":"wp","href":"https:\/\/api.w.org\/{rel}","templated":true}]}}